{"id":509,"date":"2022-07-28T09:11:39","date_gmt":"2022-07-28T02:11:39","guid":{"rendered":"https:\/\/hkk.jaysoft.asia\/?page_id=509"},"modified":"2024-10-31T15:44:04","modified_gmt":"2024-10-31T08:44:04","slug":"qua-trinh-hinh-thanh-va-phat-trien","status":"publish","type":"page","link":"https:\/\/hkkzipper.com\/en\/our-history\/","title":{"rendered":"QU\u00c1 TR\u00ccNH H\u00ccNH TH\u00c0NH &#038; PH\u00c1T TRI\u1ec2N"},"content":{"rendered":"<div data-elementor-type=\"wp-page\" data-elementor-id=\"509\" class=\"elementor elementor-509\">\n\t\t\t\t\t\t\t\t\t<section class=\"elementor-section elementor-top-section elementor-element elementor-element-7be91d5d elementor-section-full_width elementor-section-height-default elementor-section-height-default\" data-id=\"7be91d5d\" data-element_type=\"section\" data-settings=\"{&quot;background_background&quot;:&quot;classic&quot;,&quot;ekit_has_onepagescroll_dot&quot;:&quot;yes&quot;}\">\n\t\t\t\t\t\t<div class=\"elementor-container elementor-column-gap-default\">\n\t\t\t\t\t<div class=\"elementor-column elementor-col-100 elementor-top-column elementor-element elementor-element-7c5d9639\" data-id=\"7c5d9639\" data-element_type=\"column\">\n\t\t\t<div class=\"elementor-widget-wrap elementor-element-populated\">\n\t\t\t\t\t\t\t\t<div class=\"elementor-element elementor-element-192f5664 elementor-widget elementor-widget-image\" data-id=\"192f5664\" data-element_type=\"widget\" data-settings=\"{&quot;ekit_we_effect_on&quot;:&quot;none&quot;}\" data-widget_type=\"image.default\">\n\t\t\t\t<div class=\"elementor-widget-container\">\n\t\t\t<style>\/*! elementor - v3.6.7 - 03-07-2022 *\/\n.elementor-widget-image{text-align:center}.elementor-widget-image a{display:inline-block}.elementor-widget-image a img[src$=\".svg\"]{width:48px}.elementor-widget-image img{vertical-align:middle;display:inline-block}<\/style>\t\t\t\t\t\t\t\t\t\t\t\t<img decoding=\"async\" src=\"https:\/\/hkkzipper.com\/wp-content\/uploads\/elementor\/thumbs\/bannertrangHTPT2048x700-qw23qcq6vkscffxkgl89hd5xbj7ippj3d3xbj22fyw.png\" title=\"bannertrangHTPT2048x700\" alt=\"bannertrangHTPT2048x700\" \/>\t\t\t\t\t\t\t\t\t\t\t\t\t\t\t<\/div>\n\t\t\t\t<\/div>\n\t\t\t\t\t<\/div>\n\t\t<\/div>\n\t\t\t\t\t\t\t<\/div>\n\t\t<\/section>\n\t\t\t\t<section class=\"elementor-section elementor-top-section elementor-element elementor-element-054e7fc elementor-section-boxed elementor-section-height-default elementor-section-height-default elementor-invisible\" data-id=\"054e7fc\" data-element_type=\"section\" data-settings=\"{&quot;background_background&quot;:&quot;classic&quot;,&quot;animation&quot;:&quot;slideInUp&quot;,&quot;ekit_has_onepagescroll_dot&quot;:&quot;yes&quot;}\">\n\t\t\t\t\t\t<div class=\"elementor-container elementor-column-gap-default\">\n\t\t\t\t\t<div class=\"elementor-column elementor-col-100 elementor-top-column elementor-element elementor-element-087c9e8\" data-id=\"087c9e8\" data-element_type=\"column\" data-settings=\"{&quot;background_background&quot;:&quot;classic&quot;}\">\n\t\t\t<div class=\"elementor-widget-wrap elementor-element-populated\">\n\t\t\t\t\t\t\t\t<div class=\"elementor-element elementor-element-11748c3 elementor-widget__width-auto elementor-view-default elementor-widget elementor-widget-icon\" data-id=\"11748c3\" data-element_type=\"widget\" data-settings=\"{&quot;ekit_we_effect_on&quot;:&quot;none&quot;}\" data-widget_type=\"icon.default\">\n\t\t\t\t<div class=\"elementor-widget-container\">\n\t\t\t\t\t<div class=\"elementor-icon-wrapper\">\n\t\t\t<div class=\"elementor-icon\">\n\t\t\t<i aria-hidden=\"true\" class=\"fas fa-home\"><\/i>\t\t\t<\/div>\n\t\t<\/div>\n\t\t\t\t<\/div>\n\t\t\t\t<\/div>\n\t\t\t\t<div class=\"elementor-element elementor-element-b3db7d5 elementor-widget__width-auto elementor-widget elementor-widget-breadcrumbs\" data-id=\"b3db7d5\" data-element_type=\"widget\" data-settings=\"{&quot;ekit_we_effect_on&quot;:&quot;none&quot;}\" data-widget_type=\"breadcrumbs.default\">\n\t\t\t\t<div class=\"elementor-widget-container\">\n\t\t\t<nav aria-label=\"breadcrumbs\" class=\"rank-math-breadcrumb\"><p><span class=\"last\">Home<\/span><\/p><\/nav>\t\t<\/div>\n\t\t\t\t<\/div>\n\t\t\t\t\t<\/div>\n\t\t<\/div>\n\t\t\t\t\t\t\t<\/div>\n\t\t<\/section>\n\t\t\t\t<section class=\"elementor-section elementor-top-section elementor-element elementor-element-7dbd217 elementor-section-boxed elementor-section-height-default elementor-section-height-default elementor-invisible\" data-id=\"7dbd217\" data-element_type=\"section\" data-settings=\"{&quot;animation&quot;:&quot;fadeInUp&quot;,&quot;ekit_has_onepagescroll_dot&quot;:&quot;yes&quot;}\">\n\t\t\t\t\t\t<div class=\"elementor-container elementor-column-gap-default\">\n\t\t\t\t\t<div class=\"elementor-column elementor-col-100 elementor-top-column elementor-element elementor-element-c03e550\" data-id=\"c03e550\" data-element_type=\"column\">\n\t\t\t<div class=\"elementor-widget-wrap elementor-element-populated\">\n\t\t\t\t\t\t\t\t<div class=\"elementor-element elementor-element-ca1662c elementor-widget elementor-widget-heading\" data-id=\"ca1662c\" data-element_type=\"widget\" data-settings=\"{&quot;ekit_we_effect_on&quot;:&quot;none&quot;}\" data-widget_type=\"heading.default\">\n\t\t\t\t<div class=\"elementor-widget-container\">\n\t\t\t<style>\/*! elementor - v3.6.7 - 03-07-2022 *\/\n.elementor-heading-title{padding:0;margin:0;line-height:1}.elementor-widget-heading .elementor-heading-title[class*=elementor-size-]>a{color:inherit;font-size:inherit;line-height:inherit}.elementor-widget-heading .elementor-heading-title.elementor-size-small{font-size:15px}.elementor-widget-heading .elementor-heading-title.elementor-size-medium{font-size:19px}.elementor-widget-heading .elementor-heading-title.elementor-size-large{font-size:29px}.elementor-widget-heading .elementor-heading-title.elementor-size-xl{font-size:39px}.elementor-widget-heading .elementor-heading-title.elementor-size-xxl{font-size:59px}<\/style><h1 class=\"elementor-heading-title elementor-size-default\"><span style=\"font-weight: 400\">KH\u00d3A K\u00c9O HO\u00c0N M\u1ef8<\/span> HKK<\/h1>\t\t<\/div>\n\t\t\t\t<\/div>\n\t\t\t\t<div class=\"elementor-element elementor-element-b6ee250 elementor-widget elementor-widget-heading\" data-id=\"b6ee250\" data-element_type=\"widget\" data-settings=\"{&quot;ekit_we_effect_on&quot;:&quot;none&quot;}\" data-widget_type=\"heading.default\">\n\t\t\t\t<div class=\"elementor-widget-container\">\n\t\t\t<h4 class=\"elementor-heading-title elementor-size-default\">QU\u00c1 TR\u00ccNH H\u00ccNH TH\u00c0NH &amp; PH\u00c1T TRI\u1ec2N<\/h4>\t\t<\/div>\n\t\t\t\t<\/div>\n\t\t\t\t<div class=\"elementor-element elementor-element-3b94d46 elementor-widget elementor-widget-text-editor\" data-id=\"3b94d46\" data-element_type=\"widget\" data-settings=\"{&quot;ekit_we_effect_on&quot;:&quot;none&quot;}\" data-widget_type=\"text-editor.default\">\n\t\t\t\t<div class=\"elementor-widget-container\">\n\t\t\t<style>\/*! elementor - v3.6.7 - 03-07-2022 *\/\n.elementor-widget-text-editor.elementor-drop-cap-view-stacked .elementor-drop-cap{background-color:#818a91;color:#fff}.elementor-widget-text-editor.elementor-drop-cap-view-framed .elementor-drop-cap{color:#818a91;border:3px solid;background-color:transparent}.elementor-widget-text-editor:not(.elementor-drop-cap-view-default) .elementor-drop-cap{margin-top:8px}.elementor-widget-text-editor:not(.elementor-drop-cap-view-default) .elementor-drop-cap-letter{width:1em;height:1em}.elementor-widget-text-editor .elementor-drop-cap{float:left;text-align:center;line-height:1;font-size:50px}.elementor-widget-text-editor .elementor-drop-cap-letter{display:inline-block}<\/style>\t\t\t\t<p>\u0110\u01b0\u1ee3c th\u00e0nh l\u1eadp t\u1eeb n\u0103m 1989, C\u00d4NG TY TNHH KH\u00d3A K\u00c9O HO\u00c0N M\u1ef8 l\u00e0 m\u1ed9t trong nh\u1eefng nh\u00e0 s\u1ea3n xu\u1ea5t d\u00e2y k\u00e9o ti\u00ean phong t\u1ea1i Vi\u1ec7t Nam. <br \/>V\u1edbi ch\u1ee7 tr\u01b0\u01a1ng \u0111\u1ea7u t\u01b0 ho\u00e0n thi\u1ec7n c\u00f4ng ngh\u1ec7, HKK \u0111\u00e3 nhanh ch\u00f3ng ho\u00e0n ch\u1ec9nh d\u00e2y chuy\u1ec1n s\u1ea3n xu\u1ea5t hi\u1ec7n \u0111\u1ea1i v\u00e0 \u0111\u1ed9i ng\u0169 chuy\u00ean vi\u00ean, k\u1ef9 s\u01b0 chuy\u00ean nghi\u1ec7p gi\u00e0u kinh nghi\u1ec7m. Nh\u1edd c\u00f3 nh\u1eefng chi\u1ebfn l\u01b0\u1ee3c \u0111\u00fang \u0111\u1eafn c\u1ee7a L\u00e3nh \u0111\u1ea1o C\u00f4ng ty c\u00f9ng s\u1ef1 quy\u1ebft t\u00e2m c\u1ee7a \u0111\u1ed9i ng\u0169 c\u00e1n b\u1ed9\/ c\u00f4ng nh\u00e2n vi\u00ean, HKK \u0111\u00e3 nhanh ch\u00f3ng t\u1ea1o \u0111\u01b0\u1ee3c uy t\u00edn tr\u00ean th\u1ecb tr\u01b0\u1eddng.<\/p>\t\t\t\t\t\t<\/div>\n\t\t\t\t<\/div>\n\t\t\t\t\t<\/div>\n\t\t<\/div>\n\t\t\t\t\t\t\t<\/div>\n\t\t<\/section>\n\t\t\t\t<section class=\"elementor-section elementor-top-section elementor-element elementor-element-d80c476 elementor-section-boxed elementor-section-height-default elementor-section-height-default\" data-id=\"d80c476\" data-element_type=\"section\" data-settings=\"{&quot;ekit_has_onepagescroll_dot&quot;:&quot;yes&quot;}\">\n\t\t\t\t\t\t<div class=\"elementor-container elementor-column-gap-default\">\n\t\t\t\t\t<div class=\"elementor-column elementor-col-100 elementor-top-column elementor-element elementor-element-9bbf0c1\" data-id=\"9bbf0c1\" data-element_type=\"column\">\n\t\t\t<div class=\"elementor-widget-wrap elementor-element-populated\">\n\t\t\t\t\t\t\t\t<div class=\"elementor-element elementor-element-930e17a elementor-widget elementor-widget-heading\" data-id=\"930e17a\" data-element_type=\"widget\" data-settings=\"{&quot;ekit_we_effect_on&quot;:&quot;none&quot;}\" data-widget_type=\"heading.default\">\n\t\t\t\t<div class=\"elementor-widget-container\">\n\t\t\t<h2 class=\"elementor-heading-title elementor-size-default\">C\u00c1C M\u1ed0C TH\u1edcI GIAN H\u00ccNH TH\u00c0NH V\u00c0 PH\u00c1T TRI\u1ec2N HKK<\/h2>\t\t<\/div>\n\t\t\t\t<\/div>\n\t\t\t\t<div class=\"elementor-element elementor-element-ac52e98 elementor-widget elementor-widget-image\" data-id=\"ac52e98\" data-element_type=\"widget\" data-settings=\"{&quot;ekit_we_effect_on&quot;:&quot;none&quot;}\" data-widget_type=\"image.default\">\n\t\t\t\t<div class=\"elementor-widget-container\">\n\t\t\t\t\t\t\t\t\t\t\t\t\t\t\t<img decoding=\"async\" src=\"https:\/\/hkkzipper.com\/wp-content\/uploads\/elementor\/thumbs\/HT_PT-qw24vcgrdc3grwybal59tzv4wdgl2891meczy40qb8.png\" title=\"HT_PT\" alt=\"HT_PT\" \/>\t\t\t\t\t\t\t\t\t\t\t\t\t\t\t<\/div>\n\t\t\t\t<\/div>\n\t\t\t\t\t<\/div>\n\t\t<\/div>\n\t\t\t\t\t\t\t<\/div>\n\t\t<\/section>\n\t\t\t\t<section class=\"elementor-section elementor-top-section elementor-element elementor-element-fb6fbe6 elementor-section-boxed elementor-section-height-default elementor-section-height-default\" data-id=\"fb6fbe6\" data-element_type=\"section\" data-settings=\"{&quot;background_background&quot;:&quot;classic&quot;,&quot;ekit_has_onepagescroll_dot&quot;:&quot;yes&quot;}\">\n\t\t\t\t\t\t<div class=\"elementor-container elementor-column-gap-default\">\n\t\t\t\t\t<div class=\"elementor-column elementor-col-100 elementor-top-column elementor-element elementor-element-410c222\" data-id=\"410c222\" data-element_type=\"column\">\n\t\t\t<div class=\"elementor-widget-wrap elementor-element-populated\">\n\t\t\t\t\t\t\t\t<div class=\"elementor-element elementor-element-1b589e3 elementor-widget elementor-widget-heading\" data-id=\"1b589e3\" data-element_type=\"widget\" data-settings=\"{&quot;ekit_we_effect_on&quot;:&quot;none&quot;}\" data-widget_type=\"heading.default\">\n\t\t\t\t<div class=\"elementor-widget-container\">\n\t\t\t<h2 class=\"elementor-heading-title elementor-size-default\"><span>D\u1ea5u \u1ea5n s\u1ef1 ki\u1ec7n<\/span> HKK<\/h2>\t\t<\/div>\n\t\t\t\t<\/div>\n\t\t\t\t\t<\/div>\n\t\t<\/div>\n\t\t\t\t\t\t\t<\/div>\n\t\t<\/section>\n\t\t\t\t\t\t\t<\/div>","protected":false},"excerpt":{"rendered":"<p>Home KH\u00d3A K\u00c9O HO\u00c0N M\u1ef8 HKK QU\u00c1 TR\u00ccNH H\u00ccNH TH\u00c0NH &#038; PH\u00c1T TRI\u1ec2N \u0110\u01b0\u1ee3c th\u00e0nh l\u1eadp t\u1eeb n\u0103m 1989, C\u00d4NG TY TNHH KH\u00d3A K\u00c9O HO\u00c0N M\u1ef8 l\u00e0 m\u1ed9t trong nh\u1eefng nh\u00e0 s\u1ea3n xu\u1ea5t d\u00e2y k\u00e9o ti\u00ean phong t\u1ea1i Vi\u1ec7t Nam. V\u1edbi ch\u1ee7 tr\u01b0\u01a1ng \u0111\u1ea7u t\u01b0 ho\u00e0n thi\u1ec7n c\u00f4ng ngh\u1ec7, HKK \u0111\u00e3 nhanh ch\u00f3ng ho\u00e0n ch\u1ec9nh [&hellip;]<\/p>","protected":false},"author":3,"featured_media":0,"parent":0,"menu_order":0,"comment_status":"closed","ping_status":"closed","template":"","meta":{"footnotes":""},"class_list":["post-509","page","type-page","status-publish","hentry"],"_links":{"self":[{"href":"https:\/\/hkkzipper.com\/en\/wp-json\/wp\/v2\/pages\/509","targetHints":{"allow":["GET"]}}],"collection":[{"href":"https:\/\/hkkzipper.com\/en\/wp-json\/wp\/v2\/pages"}],"about":[{"href":"https:\/\/hkkzipper.com\/en\/wp-json\/wp\/v2\/types\/page"}],"author":[{"embeddable":true,"href":"https:\/\/hkkzipper.com\/en\/wp-json\/wp\/v2\/users\/3"}],"replies":[{"embeddable":true,"href":"https:\/\/hkkzipper.com\/en\/wp-json\/wp\/v2\/comments?post=509"}],"version-history":[{"count":36,"href":"https:\/\/hkkzipper.com\/en\/wp-json\/wp\/v2\/pages\/509\/revisions"}],"predecessor-version":[{"id":32860,"href":"https:\/\/hkkzipper.com\/en\/wp-json\/wp\/v2\/pages\/509\/revisions\/32860"}],"wp:attachment":[{"href":"https:\/\/hkkzipper.com\/en\/wp-json\/wp\/v2\/media?parent=509"}],"curies":[{"name":"wp","href":"https:\/\/api.w.org\/{rel}","templated":true}]}}